{"id":1003,"date":"2023-10-23T23:30:17","date_gmt":"2023-10-23T21:30:17","guid":{"rendered":"https:\/\/recuadrate.com.ar\/?post_type=product&#038;p=1003"},"modified":"2023-10-31T04:42:00","modified_gmt":"2023-10-31T03:42:00","slug":"galeria-de-pared-lineas-abstractas","status":"publish","type":"product","link":"https:\/\/recuadrate.com.ar\/?product=galeria-de-pared-lineas-abstractas","title":{"rendered":"Galer\u00eda de Pared L\u00edneas Abstractas"},"content":{"rendered":"","protected":false},"excerpt":{"rendered":"<p><strong>C\u00f3digo de Producto 184\u00a0&#8211; Galer\u00eda de Pared<\/strong>\u00a0\u00ab<strong>L\u00edneas Abstractas\u00bb.<\/strong>\u00a0Conjunto de 3 cuadros enmarcados en madera natural\u00a0y vidrio. Tama\u00f1o 50 x 70 cm.<\/p>\n","protected":false},"featured_media":1288,"template":"","meta":{"_et_pb_use_builder":"","_et_pb_old_content":"","_et_gb_content_width":""},"product_brand":[],"product_cat":[33,46,41],"product_tag":[20,45,44],"class_list":{"0":"post-1003","1":"product","2":"type-product","3":"status-publish","4":"has-post-thumbnail","6":"product_cat-galerias-de-pared-multiples","7":"product_cat-todos","8":"product_cat-tripticos","9":"product_tag-abstractos","10":"product_tag-minimalista","11":"product_tag-moderno","13":"first","14":"instock","15":"taxable","16":"shipping-taxable","17":"product-type-grouped"},"_links":{"self":[{"href":"https:\/\/recuadrate.com.ar\/index.php?rest_route=\/wp\/v2\/product\/1003","targetHints":{"allow":["GET"]}}],"collection":[{"href":"https:\/\/recuadrate.com.ar\/index.php?rest_route=\/wp\/v2\/product"}],"about":[{"href":"https:\/\/recuadrate.com.ar\/index.php?rest_route=\/wp\/v2\/types\/product"}],"wp:featuredmedia":[{"embeddable":true,"href":"https:\/\/recuadrate.com.ar\/index.php?rest_route=\/wp\/v2\/media\/1288"}],"wp:attachment":[{"href":"https:\/\/recuadrate.com.ar\/index.php?rest_route=%2Fwp%2Fv2%2Fmedia&parent=1003"}],"wp:term":[{"taxonomy":"product_brand","embeddable":true,"href":"https:\/\/recuadrate.com.ar\/index.php?rest_route=%2Fwp%2Fv2%2Fproduct_brand&post=1003"},{"taxonomy":"product_cat","embeddable":true,"href":"https:\/\/recuadrate.com.ar\/index.php?rest_route=%2Fwp%2Fv2%2Fproduct_cat&post=1003"},{"taxonomy":"product_tag","embeddable":true,"href":"https:\/\/recuadrate.com.ar\/index.php?rest_route=%2Fwp%2Fv2%2Fproduct_tag&post=1003"}],"curies":[{"name":"wp","href":"https:\/\/api.w.org\/{rel}","templated":true}]}}