{"id":1043,"date":"2023-10-24T00:03:04","date_gmt":"2023-10-23T22:03:04","guid":{"rendered":"https:\/\/recuadrate.com.ar\/?post_type=product&#038;p=1043"},"modified":"2023-10-24T00:06:20","modified_gmt":"2023-10-23T22:06:20","slug":"marilyn-deseo-rojo","status":"publish","type":"product","link":"https:\/\/recuadrate.com.ar\/?product=marilyn-deseo-rojo","title":{"rendered":"Marilyn Deseo Rojo"},"content":{"rendered":"","protected":false},"excerpt":{"rendered":"<p><strong>C\u00f3digo de Producto 082 \u2013 Galer\u00eda de Pared turquesa y rojo Marilyn<\/strong><strong>.<\/strong> Conjunto de 3 cuadros. Tama\u00f1os: 2 cuadros de 32 x 45 cm y 1 mural impresos en papel fotogr\u00e1fico montados sobre MDF en tama\u00f1o 60 x 80 cada uno.<\/p>\n","protected":false},"featured_media":1047,"template":"","meta":{"_et_pb_use_builder":"","_et_pb_old_content":"","_et_gb_content_width":""},"product_brand":[],"product_cat":[33,40,46,43],"product_tag":[],"class_list":{"0":"post-1043","1":"product","2":"type-product","3":"status-publish","4":"has-post-thumbnail","6":"product_cat-galerias-de-pared-multiples","7":"product_cat-retro","8":"product_cat-todos","9":"product_cat-vip","11":"first","12":"instock","13":"taxable","14":"shipping-taxable","15":"product-type-grouped"},"_links":{"self":[{"href":"https:\/\/recuadrate.com.ar\/index.php?rest_route=\/wp\/v2\/product\/1043","targetHints":{"allow":["GET"]}}],"collection":[{"href":"https:\/\/recuadrate.com.ar\/index.php?rest_route=\/wp\/v2\/product"}],"about":[{"href":"https:\/\/recuadrate.com.ar\/index.php?rest_route=\/wp\/v2\/types\/product"}],"wp:featuredmedia":[{"embeddable":true,"href":"https:\/\/recuadrate.com.ar\/index.php?rest_route=\/wp\/v2\/media\/1047"}],"wp:attachment":[{"href":"https:\/\/recuadrate.com.ar\/index.php?rest_route=%2Fwp%2Fv2%2Fmedia&parent=1043"}],"wp:term":[{"taxonomy":"product_brand","embeddable":true,"href":"https:\/\/recuadrate.com.ar\/index.php?rest_route=%2Fwp%2Fv2%2Fproduct_brand&post=1043"},{"taxonomy":"product_cat","embeddable":true,"href":"https:\/\/recuadrate.com.ar\/index.php?rest_route=%2Fwp%2Fv2%2Fproduct_cat&post=1043"},{"taxonomy":"product_tag","embeddable":true,"href":"https:\/\/recuadrate.com.ar\/index.php?rest_route=%2Fwp%2Fv2%2Fproduct_tag&post=1043"}],"curies":[{"name":"wp","href":"https:\/\/api.w.org\/{rel}","templated":true}]}}