{"id":1318,"date":"2024-10-31T04:43:31","date_gmt":"2024-10-31T03:43:31","guid":{"rendered":"https:\/\/recuadrate.com.ar\/?post_type=product&#038;p=1318"},"modified":"2024-10-31T04:57:20","modified_gmt":"2024-10-31T03:57:20","slug":"nervaduras-de-hojas","status":"publish","type":"product","link":"https:\/\/recuadrate.com.ar\/?product=nervaduras-de-hojas","title":{"rendered":"Nervaduras de Hojas"},"content":{"rendered":"","protected":false},"excerpt":{"rendered":"<p><strong>C\u00f3digo de producto 272<\/strong>. Mural de papel fotogr\u00e1fico de primera calidad montado sobre MDF de 9 mm de espesor. Tama\u00f1o 70 cm x 100 cm. Disponible en varios tama\u00f1os: 20 cm x 30 cm, 30 cm x 45 cm, 30 cm x 60 cm, 30 cm x 90 cm, 40 cm x 60 cm, 50 cm x 80 cm, 60 cm x 90 cm, 70 cm x 100 cm, 80 cm x 120 cm, 90 cm x 120 cm.<\/p>\n","protected":false},"featured_media":1319,"template":"","meta":{"_et_pb_use_builder":"","_et_pb_old_content":"","_et_gb_content_width":""},"product_brand":[],"product_cat":[36,37,46],"product_tag":[],"class_list":{"0":"post-1318","1":"product","2":"type-product","3":"status-publish","4":"has-post-thumbnail","6":"product_cat-murales","7":"product_cat-naturaleza","8":"product_cat-todos","10":"first","11":"instock","12":"taxable","13":"shipping-taxable","14":"product-type-grouped"},"_links":{"self":[{"href":"https:\/\/recuadrate.com.ar\/index.php?rest_route=\/wp\/v2\/product\/1318","targetHints":{"allow":["GET"]}}],"collection":[{"href":"https:\/\/recuadrate.com.ar\/index.php?rest_route=\/wp\/v2\/product"}],"about":[{"href":"https:\/\/recuadrate.com.ar\/index.php?rest_route=\/wp\/v2\/types\/product"}],"wp:featuredmedia":[{"embeddable":true,"href":"https:\/\/recuadrate.com.ar\/index.php?rest_route=\/wp\/v2\/media\/1319"}],"wp:attachment":[{"href":"https:\/\/recuadrate.com.ar\/index.php?rest_route=%2Fwp%2Fv2%2Fmedia&parent=1318"}],"wp:term":[{"taxonomy":"product_brand","embeddable":true,"href":"https:\/\/recuadrate.com.ar\/index.php?rest_route=%2Fwp%2Fv2%2Fproduct_brand&post=1318"},{"taxonomy":"product_cat","embeddable":true,"href":"https:\/\/recuadrate.com.ar\/index.php?rest_route=%2Fwp%2Fv2%2Fproduct_cat&post=1318"},{"taxonomy":"product_tag","embeddable":true,"href":"https:\/\/recuadrate.com.ar\/index.php?rest_route=%2Fwp%2Fv2%2Fproduct_tag&post=1318"}],"curies":[{"name":"wp","href":"https:\/\/api.w.org\/{rel}","templated":true}]}}