{"id":1340,"date":"2024-10-31T06:18:20","date_gmt":"2024-10-31T05:18:20","guid":{"rendered":"https:\/\/recuadrate.com.ar\/?post_type=product&#038;p=1340"},"modified":"2024-10-31T06:28:47","modified_gmt":"2024-10-31T05:28:47","slug":"corales-bajo-el-mar-caribe","status":"publish","type":"product","link":"https:\/\/recuadrate.com.ar\/?product=corales-bajo-el-mar-caribe","title":{"rendered":"Corales bajo el Mar Caribe"},"content":{"rendered":"","protected":false},"excerpt":{"rendered":"<p><strong>C\u00f3digo de producto 273 Corales bajo el Mar Caribe<\/strong>. Cuadro decorativo enmarcado en madera natural en elegante color negro, ideal para aportar un estilo moderno y sofisticado a cualquier ambiente. Los marcos est\u00e1n disponibles en madera de kiri (2 cm x 2 cm) y marup\u00e1 (3 cm x 1.5 cm), con un acabado en pintura sint\u00e9tica negra en opciones satinado o mate. El cuadro incluye vidrio de 2 mm y fondo de MDF, brindando protecci\u00f3n y durabilidad. Tama\u00f1os disponibles: 20 x 20 cm, 20 x 30 cm, 30 x 30 cm, 32 x 45 cm, 50 x 70 cm, y 70 x 100 cm.<\/p>\n","protected":false},"featured_media":1341,"template":"","meta":{"_et_pb_use_builder":"","_et_pb_old_content":"","_et_gb_content_width":""},"product_brand":[],"product_cat":[31,21,37,50,46],"product_tag":[],"class_list":{"0":"post-1340","1":"product","2":"type-product","3":"status-publish","4":"has-post-thumbnail","6":"product_cat-fotografias","7":"product_cat-marco-de-madera-color-negro","8":"product_cat-naturaleza","9":"product_cat-oceanlife","10":"product_cat-todos","12":"first","13":"instock","14":"taxable","15":"shipping-taxable","16":"product-type-grouped"},"_links":{"self":[{"href":"https:\/\/recuadrate.com.ar\/index.php?rest_route=\/wp\/v2\/product\/1340","targetHints":{"allow":["GET"]}}],"collection":[{"href":"https:\/\/recuadrate.com.ar\/index.php?rest_route=\/wp\/v2\/product"}],"about":[{"href":"https:\/\/recuadrate.com.ar\/index.php?rest_route=\/wp\/v2\/types\/product"}],"wp:featuredmedia":[{"embeddable":true,"href":"https:\/\/recuadrate.com.ar\/index.php?rest_route=\/wp\/v2\/media\/1341"}],"wp:attachment":[{"href":"https:\/\/recuadrate.com.ar\/index.php?rest_route=%2Fwp%2Fv2%2Fmedia&parent=1340"}],"wp:term":[{"taxonomy":"product_brand","embeddable":true,"href":"https:\/\/recuadrate.com.ar\/index.php?rest_route=%2Fwp%2Fv2%2Fproduct_brand&post=1340"},{"taxonomy":"product_cat","embeddable":true,"href":"https:\/\/recuadrate.com.ar\/index.php?rest_route=%2Fwp%2Fv2%2Fproduct_cat&post=1340"},{"taxonomy":"product_tag","embeddable":true,"href":"https:\/\/recuadrate.com.ar\/index.php?rest_route=%2Fwp%2Fv2%2Fproduct_tag&post=1340"}],"curies":[{"name":"wp","href":"https:\/\/api.w.org\/{rel}","templated":true}]}}