{"id":1352,"date":"2024-10-31T07:08:30","date_gmt":"2024-10-31T06:08:30","guid":{"rendered":"https:\/\/recuadrate.com.ar\/?post_type=product&#038;p=1352"},"modified":"2024-10-31T07:13:19","modified_gmt":"2024-10-31T06:13:19","slug":"galeria-de-pared-bajo-el-mar-2","status":"publish","type":"product","link":"https:\/\/recuadrate.com.ar\/?product=galeria-de-pared-bajo-el-mar-2","title":{"rendered":"Galer\u00eda de Pared Bajo el Mar"},"content":{"rendered":"","protected":false},"excerpt":{"rendered":"<p><strong>C\u00f3digo de producto 275 Galer\u00eda de Pared Bajo el Mar<\/strong>.\u00a0Esta galer\u00eda de pared est\u00e1 compuesta por cuatro cuadros decorativos enmarcados en madera natural de elegante color negro, perfectos para aportar un estilo moderno y sofisticado a cualquier ambiente. Los marcos est\u00e1n disponibles en madera de kiri (2 cm x 2 cm) y marup\u00e1 (3 cm x 1.5 cm), con un acabado en pintura sint\u00e9tica negra en opciones de satinado o mate. Cada cuadro incluye vidrio de 2 mm y fondo de MDF, asegurando protecci\u00f3n y durabilidad.\u00a0Tama\u00f1os disponibles: 20 x 20 cm, 20 x 30 cm, 30 x 30 cm, 32 x 45 cm, 50 x 70 cm, y 70 x 100 cm.<\/p>\n","protected":false},"featured_media":1353,"template":"","meta":{"_et_pb_use_builder":"","_et_pb_old_content":"","_et_gb_content_width":""},"product_brand":[],"product_cat":[31,33,21,37,50,46],"product_tag":[],"class_list":{"0":"post-1352","1":"product","2":"type-product","3":"status-publish","4":"has-post-thumbnail","6":"product_cat-fotografias","7":"product_cat-galerias-de-pared-multiples","8":"product_cat-marco-de-madera-color-negro","9":"product_cat-naturaleza","10":"product_cat-oceanlife","11":"product_cat-todos","13":"first","14":"instock","15":"taxable","16":"shipping-taxable","17":"product-type-grouped"},"_links":{"self":[{"href":"https:\/\/recuadrate.com.ar\/index.php?rest_route=\/wp\/v2\/product\/1352","targetHints":{"allow":["GET"]}}],"collection":[{"href":"https:\/\/recuadrate.com.ar\/index.php?rest_route=\/wp\/v2\/product"}],"about":[{"href":"https:\/\/recuadrate.com.ar\/index.php?rest_route=\/wp\/v2\/types\/product"}],"wp:featuredmedia":[{"embeddable":true,"href":"https:\/\/recuadrate.com.ar\/index.php?rest_route=\/wp\/v2\/media\/1353"}],"wp:attachment":[{"href":"https:\/\/recuadrate.com.ar\/index.php?rest_route=%2Fwp%2Fv2%2Fmedia&parent=1352"}],"wp:term":[{"taxonomy":"product_brand","embeddable":true,"href":"https:\/\/recuadrate.com.ar\/index.php?rest_route=%2Fwp%2Fv2%2Fproduct_brand&post=1352"},{"taxonomy":"product_cat","embeddable":true,"href":"https:\/\/recuadrate.com.ar\/index.php?rest_route=%2Fwp%2Fv2%2Fproduct_cat&post=1352"},{"taxonomy":"product_tag","embeddable":true,"href":"https:\/\/recuadrate.com.ar\/index.php?rest_route=%2Fwp%2Fv2%2Fproduct_tag&post=1352"}],"curies":[{"name":"wp","href":"https:\/\/api.w.org\/{rel}","templated":true}]}}