{"id":1484,"date":"2024-11-14T21:10:00","date_gmt":"2024-11-14T20:10:00","guid":{"rendered":"https:\/\/recuadrate.com.ar\/?post_type=product&#038;p=1484"},"modified":"2024-11-14T21:11:40","modified_gmt":"2024-11-14T20:11:40","slug":"tropical-fire-ocean","status":"publish","type":"product","link":"https:\/\/recuadrate.com.ar\/?product=tropical-fire-ocean","title":{"rendered":"Tropical Fire Ocean"},"content":{"rendered":"","protected":false},"excerpt":{"rendered":"<p><strong>C\u00f3digo de producto 278\/01 Tropical Fire Ocean<\/strong>. La esencia del mar con tonos turquesa y naranja fuego. Su estilo vibrante y tropical es ideal para darle vida a cualquier ambiente.<\/p>\n<p><strong>Mural Fotogr\u00e1fico. <\/strong>Impresi\u00f3n en papel fotogr\u00e1fico de alta calidad montado sobre MDF de 9 mm para una pieza de gran impacto.\u00a0Tama\u00f1os: 20 x 30 cm, 30 x 45 cm, 30 x 60 cm, 30 x 90 cm, 40 x 60 cm, 50 x 80 cm, 60 x 90 cm, 70 x 100 cm, 80 x 120 cm, 90 x 120 cm.<\/p>\n<p>Eleg\u00ed el formato y estilo que mejor se adapten a tu hogar y sum\u00e1 el toque del mar a tu decoraci\u00f3n.<\/p>\n","protected":false},"featured_media":1481,"template":"","meta":{"_et_pb_use_builder":"","_et_pb_old_content":"","_et_gb_content_width":""},"product_brand":[],"product_cat":[31,52,36,37,50,39,46],"product_tag":[],"class_list":{"0":"post-1484","1":"product","2":"type-product","3":"status-publish","4":"has-post-thumbnail","6":"product_cat-fotografias","7":"product_cat-marco-de-madera","8":"product_cat-murales","9":"product_cat-naturaleza","10":"product_cat-oceanlife","11":"product_cat-relax","12":"product_cat-todos","14":"first","15":"instock","16":"taxable","17":"shipping-taxable","18":"product-type-grouped"},"_links":{"self":[{"href":"https:\/\/recuadrate.com.ar\/index.php?rest_route=\/wp\/v2\/product\/1484","targetHints":{"allow":["GET"]}}],"collection":[{"href":"https:\/\/recuadrate.com.ar\/index.php?rest_route=\/wp\/v2\/product"}],"about":[{"href":"https:\/\/recuadrate.com.ar\/index.php?rest_route=\/wp\/v2\/types\/product"}],"wp:featuredmedia":[{"embeddable":true,"href":"https:\/\/recuadrate.com.ar\/index.php?rest_route=\/wp\/v2\/media\/1481"}],"wp:attachment":[{"href":"https:\/\/recuadrate.com.ar\/index.php?rest_route=%2Fwp%2Fv2%2Fmedia&parent=1484"}],"wp:term":[{"taxonomy":"product_brand","embeddable":true,"href":"https:\/\/recuadrate.com.ar\/index.php?rest_route=%2Fwp%2Fv2%2Fproduct_brand&post=1484"},{"taxonomy":"product_cat","embeddable":true,"href":"https:\/\/recuadrate.com.ar\/index.php?rest_route=%2Fwp%2Fv2%2Fproduct_cat&post=1484"},{"taxonomy":"product_tag","embeddable":true,"href":"https:\/\/recuadrate.com.ar\/index.php?rest_route=%2Fwp%2Fv2%2Fproduct_tag&post=1484"}],"curies":[{"name":"wp","href":"https:\/\/api.w.org\/{rel}","templated":true}]}}