{"id":1522,"date":"2024-11-15T04:40:57","date_gmt":"2024-11-15T03:40:57","guid":{"rendered":"https:\/\/recuadrate.com.ar\/?post_type=product&#038;p=1522"},"modified":"2024-11-15T04:49:17","modified_gmt":"2024-11-15T03:49:17","slug":"tigre-depredador","status":"publish","type":"product","link":"https:\/\/recuadrate.com.ar\/?product=tigre-depredador","title":{"rendered":"Tigre Depredador"},"content":{"rendered":"","protected":false},"excerpt":{"rendered":"<p><strong>C\u00f3digo de producto 284 Tigre Depredador<\/strong>. Dale un toque audaz y sofisticado a tu decoraci\u00f3n con este cuadro del Tigre Depredador, que destaca por sus colores intensos y fondo oscuro. Perfecto para a\u00f1adir un elemento de impacto en cualquier ambiente.<\/p>\n<p><strong>Cuadro Enmarcado en Madera Natural en Color Negro.<\/strong> Para un estilo moderno y elegante, nuestros cuadros est\u00e1n enmarcados en madera natural pintada en negro. Ideales para aportar un toque sofisticado, los marcos est\u00e1n disponibles en madera de kiri (2 cm x 2 cm) y marup\u00e1 (3 cm x 1.5 cm) con acabado en pintura sint\u00e9tica negra, ya sea en versi\u00f3n satinada o mate.\u00a0Incluye vidrio de 2 mm y fondo de MDF para protecci\u00f3n y durabilidad. Tama\u00f1os disponibles: 20 x 20 cm, 20 x 30 cm, 30 x 30 cm, 32 x 45 cm, 50 x 70 cm, 70 x 100 cm.<\/p>\n<p><strong>Otras opciones de enmarcado:<\/strong> Mural en Papel Fotogr\u00e1fico Montado en MDF, tama\u00f1os disponibles: 20 x 30 cm, 30 x 45 cm, 30 x 60 cm, 30 x 90 cm, 40 x 60 cm, 50 x 80 cm, 60 x 90 cm, 70 x 100 cm, 80 x 120 cm, 90 x 120 cm y en Tela Canvas, tama\u00f1os disponibles: 30 x 45 cm, 30 x 60 cm, 40 x 60 cm, 30 x 90 cm, 50 x 80 cm, 120 x 80 cm, 80 x 80 cm.<\/p>\n<p>Eleg\u00ed el formato que mejor se adapte a tu espacio y dej\u00e1 que la majestuosidad del tigre transforme tu ambiente con estilo y car\u00e1cter.<\/p>\n","protected":false},"featured_media":1523,"template":"","meta":{"_et_pb_use_builder":"","_et_pb_old_content":"","_et_gb_content_width":""},"product_brand":[],"product_cat":[36,37,38,46],"product_tag":[],"class_list":{"0":"post-1522","1":"product","2":"type-product","3":"status-publish","4":"has-post-thumbnail","6":"product_cat-murales","7":"product_cat-naturaleza","8":"product_cat-posters","9":"product_cat-todos","11":"first","12":"instock","13":"taxable","14":"shipping-taxable","15":"product-type-grouped"},"_links":{"self":[{"href":"https:\/\/recuadrate.com.ar\/index.php?rest_route=\/wp\/v2\/product\/1522","targetHints":{"allow":["GET"]}}],"collection":[{"href":"https:\/\/recuadrate.com.ar\/index.php?rest_route=\/wp\/v2\/product"}],"about":[{"href":"https:\/\/recuadrate.com.ar\/index.php?rest_route=\/wp\/v2\/types\/product"}],"wp:featuredmedia":[{"embeddable":true,"href":"https:\/\/recuadrate.com.ar\/index.php?rest_route=\/wp\/v2\/media\/1523"}],"wp:attachment":[{"href":"https:\/\/recuadrate.com.ar\/index.php?rest_route=%2Fwp%2Fv2%2Fmedia&parent=1522"}],"wp:term":[{"taxonomy":"product_brand","embeddable":true,"href":"https:\/\/recuadrate.com.ar\/index.php?rest_route=%2Fwp%2Fv2%2Fproduct_brand&post=1522"},{"taxonomy":"product_cat","embeddable":true,"href":"https:\/\/recuadrate.com.ar\/index.php?rest_route=%2Fwp%2Fv2%2Fproduct_cat&post=1522"},{"taxonomy":"product_tag","embeddable":true,"href":"https:\/\/recuadrate.com.ar\/index.php?rest_route=%2Fwp%2Fv2%2Fproduct_tag&post=1522"}],"curies":[{"name":"wp","href":"https:\/\/api.w.org\/{rel}","templated":true}]}}