{"id":1537,"date":"2024-11-22T20:20:22","date_gmt":"2024-11-22T19:20:22","guid":{"rendered":"https:\/\/recuadrate.com.ar\/?post_type=product&#038;p=1537"},"modified":"2024-11-22T20:53:12","modified_gmt":"2024-11-22T19:53:12","slug":"coleccion-etnias","status":"publish","type":"product","link":"https:\/\/recuadrate.com.ar\/?product=coleccion-etnias","title":{"rendered":"Colecci\u00f3n Etnias \/01"},"content":{"rendered":"","protected":false},"excerpt":{"rendered":"<p><strong>C\u00f3digo de producto 280\/01 <\/strong>La <strong>Colecci\u00f3n Etnia\/01<\/strong> es una celebraci\u00f3n art\u00edstica de la diversidad y la belleza de las mujeres de distintas etnias. Interpretadas en diferentes t\u00e9cnicas: simil oleo, lapiz, grafismos y fotograf\u00eda arte digital, cada pieza es un homenaje a la fuerza femenina y su representaci\u00f3n \u00fanica en diferentes culturas.<\/p>\n<p><strong>Opciones de presentaci\u00f3n<\/strong><\/p>\n<p><strong>Cuadro enmarcado:<\/strong><br \/>\nEnmarcado en madera natural de kiri (2 cm x 2 cm), disponible en tonos natural, blanco o negro.<br \/>\nTama\u00f1os disponibles: 20 x 20 cm, 20 x 30 cm, 30 x 30 cm, 32 x 45 cm, 50 x 70 cm y 70 x 100 cm.<\/p>\n<p><strong>Mural de arte digital:<\/strong><br \/>\nImpreso en papel fotogr\u00e1fico de alta calidad montado sobre MDF de 9 mm.<br \/>\nTama\u00f1o disponible: 70 cm x 100 cm.<br \/>\nOtros tama\u00f1os: 20 cm x 30 cm, 30 cm x 45 cm, 30 cm x 60 cm, 30 cm x 90 cm, 40 cm x 60 cm, 50 cm x 80 cm, 60 cm x 90 cm, 80 cm x 120 cm, 90 cm x 120 cm.<\/p>\n<p><strong>Tela Canvas:<\/strong><br \/>\nDisponible en dos sustratos:<br \/>\nAlgod\u00f3n: Textura suave y tramada que realza el acabado art\u00edstico.<br \/>\nPoliester: Superficie lisa para colores vibrantes y una opci\u00f3n m\u00e1s accesible.<br \/>\nMontado sobre bastidor de madera natural, con un acabado tenso y profesional.<br \/>\nTama\u00f1os disponibles: 30 x 45 cm, 30 x 60 cm, 40 x 60 cm, 30 x 90 cm, 50 x 80 cm, 120 x 80 cm, 80 x 80 cm.<\/p>\n<p>Eleg\u00ed el formato y tama\u00f1o que mejor se adapte a tu estilo y transform\u00e1 tu hogar con esta colecci\u00f3n que celebra la diversidad y la belleza aut\u00e9ntica.<\/p>\n","protected":false},"featured_media":1538,"template":"","meta":{"_et_pb_use_builder":"","_et_pb_old_content":"","_et_gb_content_width":""},"product_brand":[],"product_cat":[52,54,53,46],"product_tag":[],"class_list":{"0":"post-1537","1":"product","2":"type-product","3":"status-publish","4":"has-post-thumbnail","6":"product_cat-marco-de-madera","7":"product_cat-retratos","8":"product_cat-simil-oleo","9":"product_cat-todos","11":"first","12":"instock","13":"taxable","14":"shipping-taxable","15":"product-type-grouped"},"_links":{"self":[{"href":"https:\/\/recuadrate.com.ar\/index.php?rest_route=\/wp\/v2\/product\/1537","targetHints":{"allow":["GET"]}}],"collection":[{"href":"https:\/\/recuadrate.com.ar\/index.php?rest_route=\/wp\/v2\/product"}],"about":[{"href":"https:\/\/recuadrate.com.ar\/index.php?rest_route=\/wp\/v2\/types\/product"}],"wp:featuredmedia":[{"embeddable":true,"href":"https:\/\/recuadrate.com.ar\/index.php?rest_route=\/wp\/v2\/media\/1538"}],"wp:attachment":[{"href":"https:\/\/recuadrate.com.ar\/index.php?rest_route=%2Fwp%2Fv2%2Fmedia&parent=1537"}],"wp:term":[{"taxonomy":"product_brand","embeddable":true,"href":"https:\/\/recuadrate.com.ar\/index.php?rest_route=%2Fwp%2Fv2%2Fproduct_brand&post=1537"},{"taxonomy":"product_cat","embeddable":true,"href":"https:\/\/recuadrate.com.ar\/index.php?rest_route=%2Fwp%2Fv2%2Fproduct_cat&post=1537"},{"taxonomy":"product_tag","embeddable":true,"href":"https:\/\/recuadrate.com.ar\/index.php?rest_route=%2Fwp%2Fv2%2Fproduct_tag&post=1537"}],"curies":[{"name":"wp","href":"https:\/\/api.w.org\/{rel}","templated":true}]}}