{"id":169,"date":"2023-10-22T02:10:56","date_gmt":"2023-10-22T00:10:56","guid":{"rendered":"https:\/\/recuadrate.com.ar\/?post_type=product&#038;p=169"},"modified":"2024-08-17T01:21:07","modified_gmt":"2024-08-16T23:21:07","slug":"galeria-de-pared-silvestre-y-marino","status":"publish","type":"product","link":"https:\/\/recuadrate.com.ar\/?product=galeria-de-pared-silvestre-y-marino","title":{"rendered":"Galer\u00eda de pared Silvestre y Marino"},"content":{"rendered":"","protected":false},"excerpt":{"rendered":"<p><strong>C\u00f3digo de Producto 001 &#8211; Galer\u00eda de Pared<\/strong>\u00a0\u00ab<strong>Silvestre y Marino\u00bb.<\/strong> Conjunto de 10 cuadros enmarcados en madera natural\u00a0y vidrio.\u00a0Tama\u00f1os: 5 cuadros de 50 cm x 70 cm + 4\u00a0cuadros de 32\u00a0cm x 45\u00a0cm + 2 cuadros de 20 cm x 30 cm.<\/p>\n","protected":false},"featured_media":170,"template":"","meta":{"_et_pb_use_builder":"","_et_pb_old_content":"","_et_gb_content_width":""},"product_brand":[],"product_cat":[33,50,46],"product_tag":[],"class_list":{"0":"post-169","1":"product","2":"type-product","3":"status-publish","4":"has-post-thumbnail","6":"product_cat-galerias-de-pared-multiples","7":"product_cat-oceanlife","8":"product_cat-todos","10":"first","11":"instock","12":"taxable","13":"shipping-taxable","14":"product-type-simple"},"_links":{"self":[{"href":"https:\/\/recuadrate.com.ar\/index.php?rest_route=\/wp\/v2\/product\/169","targetHints":{"allow":["GET"]}}],"collection":[{"href":"https:\/\/recuadrate.com.ar\/index.php?rest_route=\/wp\/v2\/product"}],"about":[{"href":"https:\/\/recuadrate.com.ar\/index.php?rest_route=\/wp\/v2\/types\/product"}],"wp:featuredmedia":[{"embeddable":true,"href":"https:\/\/recuadrate.com.ar\/index.php?rest_route=\/wp\/v2\/media\/170"}],"wp:attachment":[{"href":"https:\/\/recuadrate.com.ar\/index.php?rest_route=%2Fwp%2Fv2%2Fmedia&parent=169"}],"wp:term":[{"taxonomy":"product_brand","embeddable":true,"href":"https:\/\/recuadrate.com.ar\/index.php?rest_route=%2Fwp%2Fv2%2Fproduct_brand&post=169"},{"taxonomy":"product_cat","embeddable":true,"href":"https:\/\/recuadrate.com.ar\/index.php?rest_route=%2Fwp%2Fv2%2Fproduct_cat&post=169"},{"taxonomy":"product_tag","embeddable":true,"href":"https:\/\/recuadrate.com.ar\/index.php?rest_route=%2Fwp%2Fv2%2Fproduct_tag&post=169"}],"curies":[{"name":"wp","href":"https:\/\/api.w.org\/{rel}","templated":true}]}}