{"id":260,"date":"2023-10-22T21:38:48","date_gmt":"2023-10-22T19:38:48","guid":{"rendered":"https:\/\/recuadrate.com.ar\/?post_type=product&#038;p=260"},"modified":"2023-10-31T03:27:46","modified_gmt":"2023-10-31T02:27:46","slug":"duo-abstract-and-black","status":"publish","type":"product","link":"https:\/\/recuadrate.com.ar\/?product=duo-abstract-and-black","title":{"rendered":"D\u00fao Abstract and Black"},"content":{"rendered":"","protected":false},"excerpt":{"rendered":"<p><strong>C\u00f3digo de producto 192<\/strong>. Moderno d\u00fao con dise\u00f1o abstracto en color negro y fotograf\u00eda de mujer. Conjunto de 2 cuadros enmarcados en color negro\u00a0y vidrio. Tama\u00f1os: 2 cuadros de\u00a050 x 70 cm.<\/p>\n","protected":false},"featured_media":261,"template":"","meta":{"_et_pb_use_builder":"","_et_pb_old_content":"","_et_gb_content_width":""},"product_brand":[],"product_cat":[27,29,31,46],"product_tag":[20,45,44],"class_list":{"0":"post-260","1":"product","2":"type-product","3":"status-publish","4":"has-post-thumbnail","6":"product_cat-abstractos","7":"product_cat-duos","8":"product_cat-fotografias","9":"product_cat-todos","10":"product_tag-abstractos","11":"product_tag-minimalista","12":"product_tag-moderno","14":"first","15":"instock","16":"taxable","17":"shipping-taxable","18":"product-type-grouped"},"_links":{"self":[{"href":"https:\/\/recuadrate.com.ar\/index.php?rest_route=\/wp\/v2\/product\/260","targetHints":{"allow":["GET"]}}],"collection":[{"href":"https:\/\/recuadrate.com.ar\/index.php?rest_route=\/wp\/v2\/product"}],"about":[{"href":"https:\/\/recuadrate.com.ar\/index.php?rest_route=\/wp\/v2\/types\/product"}],"wp:featuredmedia":[{"embeddable":true,"href":"https:\/\/recuadrate.com.ar\/index.php?rest_route=\/wp\/v2\/media\/261"}],"wp:attachment":[{"href":"https:\/\/recuadrate.com.ar\/index.php?rest_route=%2Fwp%2Fv2%2Fmedia&parent=260"}],"wp:term":[{"taxonomy":"product_brand","embeddable":true,"href":"https:\/\/recuadrate.com.ar\/index.php?rest_route=%2Fwp%2Fv2%2Fproduct_brand&post=260"},{"taxonomy":"product_cat","embeddable":true,"href":"https:\/\/recuadrate.com.ar\/index.php?rest_route=%2Fwp%2Fv2%2Fproduct_cat&post=260"},{"taxonomy":"product_tag","embeddable":true,"href":"https:\/\/recuadrate.com.ar\/index.php?rest_route=%2Fwp%2Fv2%2Fproduct_tag&post=260"}],"curies":[{"name":"wp","href":"https:\/\/api.w.org\/{rel}","templated":true}]}}