{"id":262,"date":"2023-10-22T21:40:28","date_gmt":"2023-10-22T19:40:28","guid":{"rendered":"https:\/\/recuadrate.com.ar\/?post_type=product&#038;p=262"},"modified":"2023-10-31T03:29:47","modified_gmt":"2023-10-31T02:29:47","slug":"geometria-y-color","status":"publish","type":"product","link":"https:\/\/recuadrate.com.ar\/?product=geometria-y-color","title":{"rendered":"Geometr\u00eda y Color"},"content":{"rendered":"","protected":false},"excerpt":{"rendered":"<p><strong>C\u00f3digo de producto 187\/03<\/strong>. L\u00e1mina de papel con dise\u00f1o abstracto de figuras geom\u00e9tricas en vibrantes colores. Pod\u00e9s pedir la paleta de colores que mejor se adapta a tu espacio y personalizar. Cuadro\u00a0enmarcado\u00a0en color negro\u00a0y vidrio. Tama\u00f1o 50 x 70 cm.<\/p>\n","protected":false},"featured_media":263,"template":"","meta":{"_et_pb_use_builder":"","_et_pb_old_content":"","_et_gb_content_width":""},"product_brand":[],"product_cat":[27,46],"product_tag":[20,45,44],"class_list":{"0":"post-262","1":"product","2":"type-product","3":"status-publish","4":"has-post-thumbnail","6":"product_cat-abstractos","7":"product_cat-todos","8":"product_tag-abstractos","9":"product_tag-minimalista","10":"product_tag-moderno","12":"first","13":"instock","14":"taxable","15":"shipping-taxable","16":"product-type-grouped"},"_links":{"self":[{"href":"https:\/\/recuadrate.com.ar\/index.php?rest_route=\/wp\/v2\/product\/262","targetHints":{"allow":["GET"]}}],"collection":[{"href":"https:\/\/recuadrate.com.ar\/index.php?rest_route=\/wp\/v2\/product"}],"about":[{"href":"https:\/\/recuadrate.com.ar\/index.php?rest_route=\/wp\/v2\/types\/product"}],"wp:featuredmedia":[{"embeddable":true,"href":"https:\/\/recuadrate.com.ar\/index.php?rest_route=\/wp\/v2\/media\/263"}],"wp:attachment":[{"href":"https:\/\/recuadrate.com.ar\/index.php?rest_route=%2Fwp%2Fv2%2Fmedia&parent=262"}],"wp:term":[{"taxonomy":"product_brand","embeddable":true,"href":"https:\/\/recuadrate.com.ar\/index.php?rest_route=%2Fwp%2Fv2%2Fproduct_brand&post=262"},{"taxonomy":"product_cat","embeddable":true,"href":"https:\/\/recuadrate.com.ar\/index.php?rest_route=%2Fwp%2Fv2%2Fproduct_cat&post=262"},{"taxonomy":"product_tag","embeddable":true,"href":"https:\/\/recuadrate.com.ar\/index.php?rest_route=%2Fwp%2Fv2%2Fproduct_tag&post=262"}],"curies":[{"name":"wp","href":"https:\/\/api.w.org\/{rel}","templated":true}]}}