{"id":293,"date":"2023-10-22T21:55:25","date_gmt":"2023-10-22T19:55:25","guid":{"rendered":"https:\/\/recuadrate.com.ar\/?post_type=product&#038;p=293"},"modified":"2023-10-31T03:35:22","modified_gmt":"2023-10-31T02:35:22","slug":"coffee-bar","status":"publish","type":"product","link":"https:\/\/recuadrate.com.ar\/?product=coffee-bar","title":{"rendered":"Coffee Bar"},"content":{"rendered":"","protected":false},"excerpt":{"rendered":"<p><strong>C\u00f3digo de producto 003\/10<\/strong>. Dise\u00f1o ideal para decorar cocinas, bares y restaurantes. Fotograf\u00eda en blanco y negro enmarcada en color blanco. Tama\u00f1o 50 x 70 cm.<\/p>\n","protected":false},"featured_media":294,"template":"","meta":{"_et_pb_use_builder":"","_et_pb_old_content":"","_et_gb_content_width":""},"product_brand":[],"product_cat":[28,31,46],"product_tag":[20,45,44],"class_list":{"0":"post-293","1":"product","2":"type-product","3":"status-publish","4":"has-post-thumbnail","6":"product_cat-bares-y-restaurantes","7":"product_cat-fotografias","8":"product_cat-todos","9":"product_tag-abstractos","10":"product_tag-minimalista","11":"product_tag-moderno","13":"first","14":"instock","15":"taxable","16":"shipping-taxable","17":"product-type-grouped"},"_links":{"self":[{"href":"https:\/\/recuadrate.com.ar\/index.php?rest_route=\/wp\/v2\/product\/293","targetHints":{"allow":["GET"]}}],"collection":[{"href":"https:\/\/recuadrate.com.ar\/index.php?rest_route=\/wp\/v2\/product"}],"about":[{"href":"https:\/\/recuadrate.com.ar\/index.php?rest_route=\/wp\/v2\/types\/product"}],"wp:featuredmedia":[{"embeddable":true,"href":"https:\/\/recuadrate.com.ar\/index.php?rest_route=\/wp\/v2\/media\/294"}],"wp:attachment":[{"href":"https:\/\/recuadrate.com.ar\/index.php?rest_route=%2Fwp%2Fv2%2Fmedia&parent=293"}],"wp:term":[{"taxonomy":"product_brand","embeddable":true,"href":"https:\/\/recuadrate.com.ar\/index.php?rest_route=%2Fwp%2Fv2%2Fproduct_brand&post=293"},{"taxonomy":"product_cat","embeddable":true,"href":"https:\/\/recuadrate.com.ar\/index.php?rest_route=%2Fwp%2Fv2%2Fproduct_cat&post=293"},{"taxonomy":"product_tag","embeddable":true,"href":"https:\/\/recuadrate.com.ar\/index.php?rest_route=%2Fwp%2Fv2%2Fproduct_tag&post=293"}],"curies":[{"name":"wp","href":"https:\/\/api.w.org\/{rel}","templated":true}]}}