{"id":297,"date":"2023-10-22T22:03:10","date_gmt":"2023-10-22T20:03:10","guid":{"rendered":"https:\/\/recuadrate.com.ar\/?post_type=product&#038;p=297"},"modified":"2023-10-23T23:48:21","modified_gmt":"2023-10-23T21:48:21","slug":"keemun-black-tea","status":"publish","type":"product","link":"https:\/\/recuadrate.com.ar\/?product=keemun-black-tea","title":{"rendered":"Keemun Black Tea"},"content":{"rendered":"","protected":false},"excerpt":{"rendered":"<p><strong>C\u00f3digo de producto 003\/03<\/strong>. Dise\u00f1o ideal para decorar cocinas, bares y restaurantes. P\u00f3ster retro enmarcado en madera natural y vidrio. Tama\u00f1o 50 x 70 cm.<\/p>\n","protected":false},"featured_media":298,"template":"","meta":{"_et_pb_use_builder":"","_et_pb_old_content":"","_et_gb_content_width":""},"product_brand":[],"product_cat":[28,38,46,42],"product_tag":[20,45,44],"class_list":{"0":"post-297","1":"product","2":"type-product","3":"status-publish","4":"has-post-thumbnail","6":"product_cat-bares-y-restaurantes","7":"product_cat-posters","8":"product_cat-todos","9":"product_cat-vintage","10":"product_tag-abstractos","11":"product_tag-minimalista","12":"product_tag-moderno","14":"first","15":"instock","16":"taxable","17":"shipping-taxable","18":"product-type-grouped"},"_links":{"self":[{"href":"https:\/\/recuadrate.com.ar\/index.php?rest_route=\/wp\/v2\/product\/297","targetHints":{"allow":["GET"]}}],"collection":[{"href":"https:\/\/recuadrate.com.ar\/index.php?rest_route=\/wp\/v2\/product"}],"about":[{"href":"https:\/\/recuadrate.com.ar\/index.php?rest_route=\/wp\/v2\/types\/product"}],"wp:featuredmedia":[{"embeddable":true,"href":"https:\/\/recuadrate.com.ar\/index.php?rest_route=\/wp\/v2\/media\/298"}],"wp:attachment":[{"href":"https:\/\/recuadrate.com.ar\/index.php?rest_route=%2Fwp%2Fv2%2Fmedia&parent=297"}],"wp:term":[{"taxonomy":"product_brand","embeddable":true,"href":"https:\/\/recuadrate.com.ar\/index.php?rest_route=%2Fwp%2Fv2%2Fproduct_brand&post=297"},{"taxonomy":"product_cat","embeddable":true,"href":"https:\/\/recuadrate.com.ar\/index.php?rest_route=%2Fwp%2Fv2%2Fproduct_cat&post=297"},{"taxonomy":"product_tag","embeddable":true,"href":"https:\/\/recuadrate.com.ar\/index.php?rest_route=%2Fwp%2Fv2%2Fproduct_tag&post=297"}],"curies":[{"name":"wp","href":"https:\/\/api.w.org\/{rel}","templated":true}]}}