{"id":303,"date":"2023-10-22T22:07:52","date_gmt":"2023-10-22T20:07:52","guid":{"rendered":"https:\/\/recuadrate.com.ar\/?post_type=product&#038;p=303"},"modified":"2023-10-23T22:54:04","modified_gmt":"2023-10-23T20:54:04","slug":"herbs","status":"publish","type":"product","link":"https:\/\/recuadrate.com.ar\/?product=herbs","title":{"rendered":"Herbs"},"content":{"rendered":"","protected":false},"excerpt":{"rendered":"<p><strong>C\u00f3digo de producto 002\/04<\/strong>. Dise\u00f1o ideal para decorar cocinas, bares y restaurantes. Ilustraci\u00f3n Vintage de Hierbas. Enmarcado en color negro y vidrio. Tama\u00f1o 20 x 30 cm.<\/p>\n","protected":false},"featured_media":304,"template":"","meta":{"_et_pb_use_builder":"","_et_pb_old_content":"","_et_gb_content_width":""},"product_brand":[],"product_cat":[28,37,38,46],"product_tag":[20,45,44],"class_list":{"0":"post-303","1":"product","2":"type-product","3":"status-publish","4":"has-post-thumbnail","6":"product_cat-bares-y-restaurantes","7":"product_cat-naturaleza","8":"product_cat-posters","9":"product_cat-todos","10":"product_tag-abstractos","11":"product_tag-minimalista","12":"product_tag-moderno","14":"first","15":"instock","16":"taxable","17":"shipping-taxable","18":"product-type-grouped"},"_links":{"self":[{"href":"https:\/\/recuadrate.com.ar\/index.php?rest_route=\/wp\/v2\/product\/303","targetHints":{"allow":["GET"]}}],"collection":[{"href":"https:\/\/recuadrate.com.ar\/index.php?rest_route=\/wp\/v2\/product"}],"about":[{"href":"https:\/\/recuadrate.com.ar\/index.php?rest_route=\/wp\/v2\/types\/product"}],"wp:featuredmedia":[{"embeddable":true,"href":"https:\/\/recuadrate.com.ar\/index.php?rest_route=\/wp\/v2\/media\/304"}],"wp:attachment":[{"href":"https:\/\/recuadrate.com.ar\/index.php?rest_route=%2Fwp%2Fv2%2Fmedia&parent=303"}],"wp:term":[{"taxonomy":"product_brand","embeddable":true,"href":"https:\/\/recuadrate.com.ar\/index.php?rest_route=%2Fwp%2Fv2%2Fproduct_brand&post=303"},{"taxonomy":"product_cat","embeddable":true,"href":"https:\/\/recuadrate.com.ar\/index.php?rest_route=%2Fwp%2Fv2%2Fproduct_cat&post=303"},{"taxonomy":"product_tag","embeddable":true,"href":"https:\/\/recuadrate.com.ar\/index.php?rest_route=%2Fwp%2Fv2%2Fproduct_tag&post=303"}],"curies":[{"name":"wp","href":"https:\/\/api.w.org\/{rel}","templated":true}]}}