{"id":319,"date":"2023-10-22T22:24:18","date_gmt":"2023-10-22T20:24:18","guid":{"rendered":"https:\/\/recuadrate.com.ar\/?post_type=product&#038;p=319"},"modified":"2023-10-23T21:54:40","modified_gmt":"2023-10-23T19:54:40","slug":"coleccion-posters-paris-1900","status":"publish","type":"product","link":"https:\/\/recuadrate.com.ar\/?product=coleccion-posters-paris-1900","title":{"rendered":"Colecci\u00f3n Posters Par\u00eds 1900"},"content":{"rendered":"","protected":false},"excerpt":{"rendered":"<p><strong>C\u00f3digo de producto 160<\/strong>.\u00a0 Colecci\u00f3n de Posters Paris 1900. reproducci\u00f3n de Posters originales coleccionables. Conjunto de 2\u00a0cuadros enmarcados en color negro y vidrio. Tama\u00f1os: 2\u00a0cuadros de\u00a050 x 70 cm.<\/p>\n","protected":false},"featured_media":322,"template":"","meta":{"_et_pb_use_builder":"","_et_pb_old_content":"","_et_gb_content_width":""},"product_brand":[],"product_cat":[29,38,46],"product_tag":[20,45,44],"class_list":{"0":"post-319","1":"product","2":"type-product","3":"status-publish","4":"has-post-thumbnail","6":"product_cat-duos","7":"product_cat-posters","8":"product_cat-todos","9":"product_tag-abstractos","10":"product_tag-minimalista","11":"product_tag-moderno","13":"first","14":"instock","15":"taxable","16":"shipping-taxable","17":"product-type-grouped"},"_links":{"self":[{"href":"https:\/\/recuadrate.com.ar\/index.php?rest_route=\/wp\/v2\/product\/319","targetHints":{"allow":["GET"]}}],"collection":[{"href":"https:\/\/recuadrate.com.ar\/index.php?rest_route=\/wp\/v2\/product"}],"about":[{"href":"https:\/\/recuadrate.com.ar\/index.php?rest_route=\/wp\/v2\/types\/product"}],"wp:featuredmedia":[{"embeddable":true,"href":"https:\/\/recuadrate.com.ar\/index.php?rest_route=\/wp\/v2\/media\/322"}],"wp:attachment":[{"href":"https:\/\/recuadrate.com.ar\/index.php?rest_route=%2Fwp%2Fv2%2Fmedia&parent=319"}],"wp:term":[{"taxonomy":"product_brand","embeddable":true,"href":"https:\/\/recuadrate.com.ar\/index.php?rest_route=%2Fwp%2Fv2%2Fproduct_brand&post=319"},{"taxonomy":"product_cat","embeddable":true,"href":"https:\/\/recuadrate.com.ar\/index.php?rest_route=%2Fwp%2Fv2%2Fproduct_cat&post=319"},{"taxonomy":"product_tag","embeddable":true,"href":"https:\/\/recuadrate.com.ar\/index.php?rest_route=%2Fwp%2Fv2%2Fproduct_tag&post=319"}],"curies":[{"name":"wp","href":"https:\/\/api.w.org\/{rel}","templated":true}]}}