{"id":344,"date":"2023-10-22T22:41:07","date_gmt":"2023-10-22T20:41:07","guid":{"rendered":"https:\/\/recuadrate.com.ar\/?post_type=product&#038;p=344"},"modified":"2023-10-23T21:09:54","modified_gmt":"2023-10-23T19:09:54","slug":"duo-orquideas","status":"publish","type":"product","link":"https:\/\/recuadrate.com.ar\/?product=duo-orquideas","title":{"rendered":"D\u00fao Orqu\u00eddeas"},"content":{"rendered":"","protected":false},"excerpt":{"rendered":"<p><strong>C\u00f3digo de Producto 164\u00a0&#8211; D\u00fao Orqu\u00eddeas<\/strong><strong>.<\/strong>\u00a0Conjunto de cuadros enmarcados en color blanco y vidrio. Tama\u00f1os: 1 cuadro de 50 x 70 cm + 1 cuadro de 32 x 45 cm.<\/p>\n","protected":false},"featured_media":346,"template":"","meta":{"_et_pb_use_builder":"","_et_pb_old_content":"","_et_gb_content_width":""},"product_brand":[],"product_cat":[29,30,37,46],"product_tag":[],"class_list":{"0":"post-344","1":"product","2":"type-product","3":"status-publish","4":"has-post-thumbnail","6":"product_cat-duos","7":"product_cat-flores","8":"product_cat-naturaleza","9":"product_cat-todos","11":"first","12":"instock","13":"taxable","14":"shipping-taxable","15":"product-type-grouped"},"_links":{"self":[{"href":"https:\/\/recuadrate.com.ar\/index.php?rest_route=\/wp\/v2\/product\/344","targetHints":{"allow":["GET"]}}],"collection":[{"href":"https:\/\/recuadrate.com.ar\/index.php?rest_route=\/wp\/v2\/product"}],"about":[{"href":"https:\/\/recuadrate.com.ar\/index.php?rest_route=\/wp\/v2\/types\/product"}],"wp:featuredmedia":[{"embeddable":true,"href":"https:\/\/recuadrate.com.ar\/index.php?rest_route=\/wp\/v2\/media\/346"}],"wp:attachment":[{"href":"https:\/\/recuadrate.com.ar\/index.php?rest_route=%2Fwp%2Fv2%2Fmedia&parent=344"}],"wp:term":[{"taxonomy":"product_brand","embeddable":true,"href":"https:\/\/recuadrate.com.ar\/index.php?rest_route=%2Fwp%2Fv2%2Fproduct_brand&post=344"},{"taxonomy":"product_cat","embeddable":true,"href":"https:\/\/recuadrate.com.ar\/index.php?rest_route=%2Fwp%2Fv2%2Fproduct_cat&post=344"},{"taxonomy":"product_tag","embeddable":true,"href":"https:\/\/recuadrate.com.ar\/index.php?rest_route=%2Fwp%2Fv2%2Fproduct_tag&post=344"}],"curies":[{"name":"wp","href":"https:\/\/api.w.org\/{rel}","templated":true}]}}