{"id":555,"date":"2023-10-23T01:18:43","date_gmt":"2023-10-22T23:18:43","guid":{"rendered":"https:\/\/recuadrate.com.ar\/?post_type=product&#038;p=555"},"modified":"2023-10-31T04:32:24","modified_gmt":"2023-10-31T03:32:24","slug":"you-and-me","status":"publish","type":"product","link":"https:\/\/recuadrate.com.ar\/?product=you-and-me","title":{"rendered":"You and Me"},"content":{"rendered":"","protected":false},"excerpt":{"rendered":"<p><strong>C\u00f3digo de producto 027\/11.<\/strong> L\u00e1mina de papel con frase, enmarcada en color blanco y vidrio. Ideal para acompa\u00f1ar fotos rom\u00e1nticas con\u00a0tu pareja.Forma parte de la Galer\u00eda de Pared \u00abGold Rose\u00bb.<\/p>\n","protected":false},"featured_media":556,"template":"","meta":{"_et_pb_use_builder":"","_et_pb_old_content":"","_et_gb_content_width":""},"product_brand":[],"product_cat":[32,46],"product_tag":[],"class_list":{"0":"post-555","1":"product","2":"type-product","3":"status-publish","4":"has-post-thumbnail","6":"product_cat-frases","7":"product_cat-todos","9":"first","10":"instock","11":"taxable","12":"shipping-taxable","13":"product-type-grouped"},"_links":{"self":[{"href":"https:\/\/recuadrate.com.ar\/index.php?rest_route=\/wp\/v2\/product\/555","targetHints":{"allow":["GET"]}}],"collection":[{"href":"https:\/\/recuadrate.com.ar\/index.php?rest_route=\/wp\/v2\/product"}],"about":[{"href":"https:\/\/recuadrate.com.ar\/index.php?rest_route=\/wp\/v2\/types\/product"}],"wp:featuredmedia":[{"embeddable":true,"href":"https:\/\/recuadrate.com.ar\/index.php?rest_route=\/wp\/v2\/media\/556"}],"wp:attachment":[{"href":"https:\/\/recuadrate.com.ar\/index.php?rest_route=%2Fwp%2Fv2%2Fmedia&parent=555"}],"wp:term":[{"taxonomy":"product_brand","embeddable":true,"href":"https:\/\/recuadrate.com.ar\/index.php?rest_route=%2Fwp%2Fv2%2Fproduct_brand&post=555"},{"taxonomy":"product_cat","embeddable":true,"href":"https:\/\/recuadrate.com.ar\/index.php?rest_route=%2Fwp%2Fv2%2Fproduct_cat&post=555"},{"taxonomy":"product_tag","embeddable":true,"href":"https:\/\/recuadrate.com.ar\/index.php?rest_route=%2Fwp%2Fv2%2Fproduct_tag&post=555"}],"curies":[{"name":"wp","href":"https:\/\/api.w.org\/{rel}","templated":true}]}}