{"id":647,"date":"2023-10-23T03:25:16","date_gmt":"2023-10-23T01:25:16","guid":{"rendered":"https:\/\/recuadrate.com.ar\/?post_type=product&#038;p=647"},"modified":"2023-10-23T22:12:55","modified_gmt":"2023-10-23T20:12:55","slug":"galeria-de-pared-gold-rose","status":"publish","type":"product","link":"https:\/\/recuadrate.com.ar\/?product=galeria-de-pared-gold-rose","title":{"rendered":"Galer\u00eda de Pared Gold Rose"},"content":{"rendered":"","protected":false},"excerpt":{"rendered":"<p><strong>C\u00f3digo de Producto 027 &#8211; Galer\u00eda de Pared \u00abGold Rose\u00bb.\u00a0<\/strong>Conjunto de 5 cuadros enmarcados en blanco y madera natural con vidrio. Tama\u00f1os: 1 cuadro de 50 x 70 cm + 2 cuadros de 32 x 45 cm + 2 cuadros de 20 x 30 cm.\u00a0Este conjunto es ideal para integrarlo a fotos de aquel viaje so\u00f1ado que quer\u00e9s atesorar. Pod\u00e9s pedirlo en la gama de colores que mejor se adpate a tu espacio. Los personalizamos para vos.<\/p>\n","protected":false},"featured_media":648,"template":"","meta":{"_et_pb_use_builder":"","_et_pb_old_content":"","_et_gb_content_width":""},"product_brand":[],"product_cat":[33,46],"product_tag":[],"class_list":{"0":"post-647","1":"product","2":"type-product","3":"status-publish","4":"has-post-thumbnail","6":"product_cat-galerias-de-pared-multiples","7":"product_cat-todos","9":"first","10":"instock","11":"taxable","12":"shipping-taxable","13":"product-type-grouped"},"_links":{"self":[{"href":"https:\/\/recuadrate.com.ar\/index.php?rest_route=\/wp\/v2\/product\/647","targetHints":{"allow":["GET"]}}],"collection":[{"href":"https:\/\/recuadrate.com.ar\/index.php?rest_route=\/wp\/v2\/product"}],"about":[{"href":"https:\/\/recuadrate.com.ar\/index.php?rest_route=\/wp\/v2\/types\/product"}],"wp:featuredmedia":[{"embeddable":true,"href":"https:\/\/recuadrate.com.ar\/index.php?rest_route=\/wp\/v2\/media\/648"}],"wp:attachment":[{"href":"https:\/\/recuadrate.com.ar\/index.php?rest_route=%2Fwp%2Fv2%2Fmedia&parent=647"}],"wp:term":[{"taxonomy":"product_brand","embeddable":true,"href":"https:\/\/recuadrate.com.ar\/index.php?rest_route=%2Fwp%2Fv2%2Fproduct_brand&post=647"},{"taxonomy":"product_cat","embeddable":true,"href":"https:\/\/recuadrate.com.ar\/index.php?rest_route=%2Fwp%2Fv2%2Fproduct_cat&post=647"},{"taxonomy":"product_tag","embeddable":true,"href":"https:\/\/recuadrate.com.ar\/index.php?rest_route=%2Fwp%2Fv2%2Fproduct_tag&post=647"}],"curies":[{"name":"wp","href":"https:\/\/api.w.org\/{rel}","templated":true}]}}