{"id":677,"date":"2023-10-23T03:37:43","date_gmt":"2023-10-23T01:37:43","guid":{"rendered":"https:\/\/recuadrate.com.ar\/?post_type=product&#038;p=677"},"modified":"2023-10-23T21:44:40","modified_gmt":"2023-10-23T19:44:40","slug":"galeria-de-pared-amazing","status":"publish","type":"product","link":"https:\/\/recuadrate.com.ar\/?product=galeria-de-pared-amazing","title":{"rendered":"Galer\u00eda de Pared Amazing"},"content":{"rendered":"","protected":false},"excerpt":{"rendered":"<p><strong>C\u00f3digo de Producto 013\u00a0&#8211; Galer\u00eda de Pared<\/strong>\u00a0<strong>\u00abAmazing\u00bb.<\/strong>\u00a0Conjunto de cuadros enmarcados en color negro y vidrio. Pod\u00e9s personalizarlo agregando tus propias fotos. S\u00f3lo ten\u00e9s que ponerte en contacto para que te asesoremos mejor. Tama\u00f1os: 2 cuadros de 32 x 45 cm + 4 cuadros de 20 x 30 cm.<\/p>\n","protected":false},"featured_media":678,"template":"","meta":{"_et_pb_use_builder":"","_et_pb_old_content":"","_et_gb_content_width":""},"product_brand":[],"product_cat":[33,47,46],"product_tag":[],"class_list":{"0":"post-677","1":"product","2":"type-product","3":"status-publish","4":"has-post-thumbnail","6":"product_cat-galerias-de-pared-multiples","7":"product_cat-personalizados","8":"product_cat-todos","10":"first","11":"instock","12":"taxable","13":"shipping-taxable","14":"product-type-grouped"},"_links":{"self":[{"href":"https:\/\/recuadrate.com.ar\/index.php?rest_route=\/wp\/v2\/product\/677","targetHints":{"allow":["GET"]}}],"collection":[{"href":"https:\/\/recuadrate.com.ar\/index.php?rest_route=\/wp\/v2\/product"}],"about":[{"href":"https:\/\/recuadrate.com.ar\/index.php?rest_route=\/wp\/v2\/types\/product"}],"wp:featuredmedia":[{"embeddable":true,"href":"https:\/\/recuadrate.com.ar\/index.php?rest_route=\/wp\/v2\/media\/678"}],"wp:attachment":[{"href":"https:\/\/recuadrate.com.ar\/index.php?rest_route=%2Fwp%2Fv2%2Fmedia&parent=677"}],"wp:term":[{"taxonomy":"product_brand","embeddable":true,"href":"https:\/\/recuadrate.com.ar\/index.php?rest_route=%2Fwp%2Fv2%2Fproduct_brand&post=677"},{"taxonomy":"product_cat","embeddable":true,"href":"https:\/\/recuadrate.com.ar\/index.php?rest_route=%2Fwp%2Fv2%2Fproduct_cat&post=677"},{"taxonomy":"product_tag","embeddable":true,"href":"https:\/\/recuadrate.com.ar\/index.php?rest_route=%2Fwp%2Fv2%2Fproduct_tag&post=677"}],"curies":[{"name":"wp","href":"https:\/\/api.w.org\/{rel}","templated":true}]}}