{"id":694,"date":"2023-10-23T03:45:12","date_gmt":"2023-10-23T01:45:12","guid":{"rendered":"https:\/\/recuadrate.com.ar\/?post_type=product&#038;p=694"},"modified":"2023-10-23T23:32:35","modified_gmt":"2023-10-23T21:32:35","slug":"galeria-de-pared-family-beach","status":"publish","type":"product","link":"https:\/\/recuadrate.com.ar\/?product=galeria-de-pared-family-beach","title":{"rendered":"Galer\u00eda de Pared Family Beach"},"content":{"rendered":"","protected":false},"excerpt":{"rendered":"<p><strong>C\u00f3digo de Producto 146\u00a0&#8211; Galer\u00eda de Pared<\/strong>\u00a0<strong>\u00abFamily Beach\u00bb.<\/strong>\u00a0Conjunto de 3 cuadros enmarcados en color negro y vidrio. Pod\u00e9s personalizarlo enviando tu foto para reemplazar a la foto gen\u00e9rica. Tama\u00f1os: 3 cuadros de 32 x 45 cm.<\/p>\n","protected":false},"featured_media":697,"template":"","meta":{"_et_pb_use_builder":"","_et_pb_old_content":"","_et_gb_content_width":""},"product_brand":[],"product_cat":[33,47,46,41],"product_tag":[],"class_list":{"0":"post-694","1":"product","2":"type-product","3":"status-publish","4":"has-post-thumbnail","6":"product_cat-galerias-de-pared-multiples","7":"product_cat-personalizados","8":"product_cat-todos","9":"product_cat-tripticos","11":"first","12":"instock","13":"taxable","14":"shipping-taxable","15":"product-type-grouped"},"_links":{"self":[{"href":"https:\/\/recuadrate.com.ar\/index.php?rest_route=\/wp\/v2\/product\/694","targetHints":{"allow":["GET"]}}],"collection":[{"href":"https:\/\/recuadrate.com.ar\/index.php?rest_route=\/wp\/v2\/product"}],"about":[{"href":"https:\/\/recuadrate.com.ar\/index.php?rest_route=\/wp\/v2\/types\/product"}],"wp:featuredmedia":[{"embeddable":true,"href":"https:\/\/recuadrate.com.ar\/index.php?rest_route=\/wp\/v2\/media\/697"}],"wp:attachment":[{"href":"https:\/\/recuadrate.com.ar\/index.php?rest_route=%2Fwp%2Fv2%2Fmedia&parent=694"}],"wp:term":[{"taxonomy":"product_brand","embeddable":true,"href":"https:\/\/recuadrate.com.ar\/index.php?rest_route=%2Fwp%2Fv2%2Fproduct_brand&post=694"},{"taxonomy":"product_cat","embeddable":true,"href":"https:\/\/recuadrate.com.ar\/index.php?rest_route=%2Fwp%2Fv2%2Fproduct_cat&post=694"},{"taxonomy":"product_tag","embeddable":true,"href":"https:\/\/recuadrate.com.ar\/index.php?rest_route=%2Fwp%2Fv2%2Fproduct_tag&post=694"}],"curies":[{"name":"wp","href":"https:\/\/api.w.org\/{rel}","templated":true}]}}