{"id":752,"date":"2023-10-23T04:19:53","date_gmt":"2023-10-23T02:19:53","guid":{"rendered":"https:\/\/recuadrate.com.ar\/?post_type=product&#038;p=752"},"modified":"2023-10-31T04:48:35","modified_gmt":"2023-10-31T03:48:35","slug":"pacific-green","status":"publish","type":"product","link":"https:\/\/recuadrate.com.ar\/?product=pacific-green","title":{"rendered":"Pacific Green"},"content":{"rendered":"","protected":false},"excerpt":{"rendered":"<p><strong>C\u00f3digo de Producto 006\u00a0&#8211; Galer\u00eda de Pared<\/strong>\u00a0<strong>\u00abPacific Green\u00bb.<\/strong>\u00a0Galer\u00eda compuesta por 15 cuadros enmarcados en color negro y vidrio. Tama\u00f1os: 7 cuadros de 50 x 70 cm + 2 cuadros de 32 x 45 cm + 6 cuadros de 20 x 30 cm. Pod\u00e9s personalizar los tama\u00f1os y enmarcados; agregar o quitar cuadros e inclusive sumar\u00a0tus propias fotograf\u00edas.<\/p>\n","protected":false},"featured_media":466,"template":"","meta":{"_et_pb_use_builder":"","_et_pb_old_content":"","_et_gb_content_width":""},"product_brand":[],"product_cat":[33,46],"product_tag":[],"class_list":{"0":"post-752","1":"product","2":"type-product","3":"status-publish","4":"has-post-thumbnail","6":"product_cat-galerias-de-pared-multiples","7":"product_cat-todos","9":"first","10":"instock","11":"taxable","12":"shipping-taxable","13":"product-type-grouped"},"_links":{"self":[{"href":"https:\/\/recuadrate.com.ar\/index.php?rest_route=\/wp\/v2\/product\/752","targetHints":{"allow":["GET"]}}],"collection":[{"href":"https:\/\/recuadrate.com.ar\/index.php?rest_route=\/wp\/v2\/product"}],"about":[{"href":"https:\/\/recuadrate.com.ar\/index.php?rest_route=\/wp\/v2\/types\/product"}],"wp:featuredmedia":[{"embeddable":true,"href":"https:\/\/recuadrate.com.ar\/index.php?rest_route=\/wp\/v2\/media\/466"}],"wp:attachment":[{"href":"https:\/\/recuadrate.com.ar\/index.php?rest_route=%2Fwp%2Fv2%2Fmedia&parent=752"}],"wp:term":[{"taxonomy":"product_brand","embeddable":true,"href":"https:\/\/recuadrate.com.ar\/index.php?rest_route=%2Fwp%2Fv2%2Fproduct_brand&post=752"},{"taxonomy":"product_cat","embeddable":true,"href":"https:\/\/recuadrate.com.ar\/index.php?rest_route=%2Fwp%2Fv2%2Fproduct_cat&post=752"},{"taxonomy":"product_tag","embeddable":true,"href":"https:\/\/recuadrate.com.ar\/index.php?rest_route=%2Fwp%2Fv2%2Fproduct_tag&post=752"}],"curies":[{"name":"wp","href":"https:\/\/api.w.org\/{rel}","templated":true}]}}