{"id":753,"date":"2023-10-23T04:22:04","date_gmt":"2023-10-23T02:22:04","guid":{"rendered":"https:\/\/recuadrate.com.ar\/?post_type=product&#038;p=753"},"modified":"2023-10-23T05:26:44","modified_gmt":"2023-10-23T03:26:44","slug":"galeria-de-pared-chic-woman","status":"publish","type":"product","link":"https:\/\/recuadrate.com.ar\/?product=galeria-de-pared-chic-woman","title":{"rendered":"Galer\u00eda de Pared Chic Woman"},"content":{"rendered":"","protected":false},"excerpt":{"rendered":"<p><strong>C\u00f3digo de Producto 005\u00a0&#8211; Galer\u00eda de Pared<\/strong>\u00a0<strong>\u00abChic Woman\u00bb.<\/strong>\u00a0Tr\u00edo de cuadros minimalistas; muy combinables en cualquier ambiente moderno o cl\u00e1sico. Tama\u00f1o: 2\u00a0cuadros de 32 x 45 cm + 1 cuadro de 20 x 30 cm, enmarcados en color negro y\u00a0vidrio.<\/p>\n","protected":false},"featured_media":755,"template":"","meta":{"_et_pb_use_builder":"","_et_pb_old_content":"","_et_gb_content_width":""},"product_brand":[],"product_cat":[33,35,46,41],"product_tag":[],"class_list":{"0":"post-753","1":"product","2":"type-product","3":"status-publish","4":"has-post-thumbnail","6":"product_cat-galerias-de-pared-multiples","7":"product_cat-minimalista-moderno","8":"product_cat-todos","9":"product_cat-tripticos","11":"first","12":"instock","13":"taxable","14":"shipping-taxable","15":"product-type-grouped"},"_links":{"self":[{"href":"https:\/\/recuadrate.com.ar\/index.php?rest_route=\/wp\/v2\/product\/753","targetHints":{"allow":["GET"]}}],"collection":[{"href":"https:\/\/recuadrate.com.ar\/index.php?rest_route=\/wp\/v2\/product"}],"about":[{"href":"https:\/\/recuadrate.com.ar\/index.php?rest_route=\/wp\/v2\/types\/product"}],"wp:featuredmedia":[{"embeddable":true,"href":"https:\/\/recuadrate.com.ar\/index.php?rest_route=\/wp\/v2\/media\/755"}],"wp:attachment":[{"href":"https:\/\/recuadrate.com.ar\/index.php?rest_route=%2Fwp%2Fv2%2Fmedia&parent=753"}],"wp:term":[{"taxonomy":"product_brand","embeddable":true,"href":"https:\/\/recuadrate.com.ar\/index.php?rest_route=%2Fwp%2Fv2%2Fproduct_brand&post=753"},{"taxonomy":"product_cat","embeddable":true,"href":"https:\/\/recuadrate.com.ar\/index.php?rest_route=%2Fwp%2Fv2%2Fproduct_cat&post=753"},{"taxonomy":"product_tag","embeddable":true,"href":"https:\/\/recuadrate.com.ar\/index.php?rest_route=%2Fwp%2Fv2%2Fproduct_tag&post=753"}],"curies":[{"name":"wp","href":"https:\/\/api.w.org\/{rel}","templated":true}]}}