{"id":774,"date":"2023-10-23T04:35:05","date_gmt":"2023-10-23T02:35:05","guid":{"rendered":"https:\/\/recuadrate.com.ar\/?post_type=product&#038;p=774"},"modified":"2023-10-31T04:56:00","modified_gmt":"2023-10-31T03:56:00","slug":"galeria-de-pared-trio-saltarin","status":"publish","type":"product","link":"https:\/\/recuadrate.com.ar\/?product=galeria-de-pared-trio-saltarin","title":{"rendered":"Galer\u00eda de Pared Tr\u00edo Saltar\u00edn"},"content":{"rendered":"","protected":false},"excerpt":{"rendered":"<p><strong>C\u00f3digo de Producto 197\/02\u00a0&#8211; Galer\u00eda de Pared<\/strong>\u00a0<strong>\u00abTr\u00edo Saltar\u00edn en colores\u00bb.<\/strong>\u00a0Conjunto de 3\u00a0cuadros de 32 x 45 cm, enmarcados en madera natural y vidrio.<\/p>\n","protected":false},"featured_media":775,"template":"","meta":{"_et_pb_use_builder":"","_et_pb_old_content":"","_et_gb_content_width":""},"product_brand":[],"product_cat":[34,46],"product_tag":[],"class_list":{"0":"post-774","1":"product","2":"type-product","3":"status-publish","4":"has-post-thumbnail","6":"product_cat-infaltil-juvenil","7":"product_cat-todos","9":"first","10":"instock","11":"taxable","12":"shipping-taxable","13":"product-type-grouped"},"_links":{"self":[{"href":"https:\/\/recuadrate.com.ar\/index.php?rest_route=\/wp\/v2\/product\/774","targetHints":{"allow":["GET"]}}],"collection":[{"href":"https:\/\/recuadrate.com.ar\/index.php?rest_route=\/wp\/v2\/product"}],"about":[{"href":"https:\/\/recuadrate.com.ar\/index.php?rest_route=\/wp\/v2\/types\/product"}],"wp:featuredmedia":[{"embeddable":true,"href":"https:\/\/recuadrate.com.ar\/index.php?rest_route=\/wp\/v2\/media\/775"}],"wp:attachment":[{"href":"https:\/\/recuadrate.com.ar\/index.php?rest_route=%2Fwp%2Fv2%2Fmedia&parent=774"}],"wp:term":[{"taxonomy":"product_brand","embeddable":true,"href":"https:\/\/recuadrate.com.ar\/index.php?rest_route=%2Fwp%2Fv2%2Fproduct_brand&post=774"},{"taxonomy":"product_cat","embeddable":true,"href":"https:\/\/recuadrate.com.ar\/index.php?rest_route=%2Fwp%2Fv2%2Fproduct_cat&post=774"},{"taxonomy":"product_tag","embeddable":true,"href":"https:\/\/recuadrate.com.ar\/index.php?rest_route=%2Fwp%2Fv2%2Fproduct_tag&post=774"}],"curies":[{"name":"wp","href":"https:\/\/api.w.org\/{rel}","templated":true}]}}