{"id":803,"date":"2023-10-23T04:54:24","date_gmt":"2023-10-23T02:54:24","guid":{"rendered":"https:\/\/recuadrate.com.ar\/?post_type=product&#038;p=803"},"modified":"2023-10-23T04:55:11","modified_gmt":"2023-10-23T02:55:11","slug":"duo-gato-y-raton","status":"publish","type":"product","link":"https:\/\/recuadrate.com.ar\/?product=duo-gato-y-raton","title":{"rendered":"D\u00fao Gato y Rat\u00f3n"},"content":{"rendered":"","protected":false},"excerpt":{"rendered":"<p><strong>C\u00f3digo de Producto 181\u00a0&#8211; D\u00fao\u00a0<\/strong><strong>\u00abGato y Rat\u00f3n\u00bb.<\/strong>\u00a0Conjunto de 2 cuadros enmarcados en color blanco y vidrio. Tama\u00f1os: 2 cuadros de 50 x 70 cm.<\/p>\n","protected":false},"featured_media":800,"template":"","meta":{"_et_pb_use_builder":"","_et_pb_old_content":"","_et_gb_content_width":""},"product_brand":[],"product_cat":[34,46],"product_tag":[],"class_list":{"0":"post-803","1":"product","2":"type-product","3":"status-publish","4":"has-post-thumbnail","6":"product_cat-infaltil-juvenil","7":"product_cat-todos","9":"first","10":"instock","11":"taxable","12":"shipping-taxable","13":"product-type-grouped"},"_links":{"self":[{"href":"https:\/\/recuadrate.com.ar\/index.php?rest_route=\/wp\/v2\/product\/803","targetHints":{"allow":["GET"]}}],"collection":[{"href":"https:\/\/recuadrate.com.ar\/index.php?rest_route=\/wp\/v2\/product"}],"about":[{"href":"https:\/\/recuadrate.com.ar\/index.php?rest_route=\/wp\/v2\/types\/product"}],"wp:featuredmedia":[{"embeddable":true,"href":"https:\/\/recuadrate.com.ar\/index.php?rest_route=\/wp\/v2\/media\/800"}],"wp:attachment":[{"href":"https:\/\/recuadrate.com.ar\/index.php?rest_route=%2Fwp%2Fv2%2Fmedia&parent=803"}],"wp:term":[{"taxonomy":"product_brand","embeddable":true,"href":"https:\/\/recuadrate.com.ar\/index.php?rest_route=%2Fwp%2Fv2%2Fproduct_brand&post=803"},{"taxonomy":"product_cat","embeddable":true,"href":"https:\/\/recuadrate.com.ar\/index.php?rest_route=%2Fwp%2Fv2%2Fproduct_cat&post=803"},{"taxonomy":"product_tag","embeddable":true,"href":"https:\/\/recuadrate.com.ar\/index.php?rest_route=%2Fwp%2Fv2%2Fproduct_tag&post=803"}],"curies":[{"name":"wp","href":"https:\/\/api.w.org\/{rel}","templated":true}]}}