{"id":804,"date":"2023-10-23T04:55:33","date_gmt":"2023-10-23T02:55:33","guid":{"rendered":"https:\/\/recuadrate.com.ar\/?post_type=product&#038;p=804"},"modified":"2023-10-23T04:58:07","modified_gmt":"2023-10-23T02:58:07","slug":"gamer","status":"publish","type":"product","link":"https:\/\/recuadrate.com.ar\/?product=gamer","title":{"rendered":"Gamer"},"content":{"rendered":"","protected":false},"excerpt":{"rendered":"<p><strong>C\u00f3digo de producto 170<\/strong>. Conjunto de 3 cuadros enmarcados y con vidrio. Pod\u00e9s elegir\u00a0entre varias de las opciones disponibles para formar el tr\u00edo que m\u00e1s te guste. Inclusive pod\u00e9s pedirlo\u00a0personalizado, con nombre y color que mejor combine con tu espacio. Tama\u00f1os: 3 cuadros de 50 x 70 cm.<\/p>\n","protected":false},"featured_media":817,"template":"","meta":{"_et_pb_use_builder":"","_et_pb_old_content":"","_et_gb_content_width":""},"product_brand":[],"product_cat":[34,46],"product_tag":[],"class_list":{"0":"post-804","1":"product","2":"type-product","3":"status-publish","4":"has-post-thumbnail","6":"product_cat-infaltil-juvenil","7":"product_cat-todos","9":"first","10":"instock","11":"taxable","12":"shipping-taxable","13":"product-type-grouped"},"_links":{"self":[{"href":"https:\/\/recuadrate.com.ar\/index.php?rest_route=\/wp\/v2\/product\/804","targetHints":{"allow":["GET"]}}],"collection":[{"href":"https:\/\/recuadrate.com.ar\/index.php?rest_route=\/wp\/v2\/product"}],"about":[{"href":"https:\/\/recuadrate.com.ar\/index.php?rest_route=\/wp\/v2\/types\/product"}],"wp:featuredmedia":[{"embeddable":true,"href":"https:\/\/recuadrate.com.ar\/index.php?rest_route=\/wp\/v2\/media\/817"}],"wp:attachment":[{"href":"https:\/\/recuadrate.com.ar\/index.php?rest_route=%2Fwp%2Fv2%2Fmedia&parent=804"}],"wp:term":[{"taxonomy":"product_brand","embeddable":true,"href":"https:\/\/recuadrate.com.ar\/index.php?rest_route=%2Fwp%2Fv2%2Fproduct_brand&post=804"},{"taxonomy":"product_cat","embeddable":true,"href":"https:\/\/recuadrate.com.ar\/index.php?rest_route=%2Fwp%2Fv2%2Fproduct_cat&post=804"},{"taxonomy":"product_tag","embeddable":true,"href":"https:\/\/recuadrate.com.ar\/index.php?rest_route=%2Fwp%2Fv2%2Fproduct_tag&post=804"}],"curies":[{"name":"wp","href":"https:\/\/api.w.org\/{rel}","templated":true}]}}