{"id":949,"date":"2023-10-23T21:51:28","date_gmt":"2023-10-23T19:51:28","guid":{"rendered":"https:\/\/recuadrate.com.ar\/?post_type=product&#038;p=949"},"modified":"2023-10-23T21:52:56","modified_gmt":"2023-10-23T19:52:56","slug":"pop-art","status":"publish","type":"product","link":"https:\/\/recuadrate.com.ar\/?product=pop-art","title":{"rendered":"Pop Art"},"content":{"rendered":"","protected":false},"excerpt":{"rendered":"<p><strong>C\u00f3digo de producto 256<\/strong>. Reproducci{on de P\u00f3ster Famoso. Colecci\u00f3n P\u00f3sters Pop Art. Enmarcado en madera natural y vidrio. Tama\u00f1o: 1 cuadro de 32 x 45\u00a0cm.<\/p>\n","protected":false},"featured_media":950,"template":"","meta":{"_et_pb_use_builder":"","_et_pb_old_content":"","_et_gb_content_width":""},"product_brand":[],"product_cat":[38,46],"product_tag":[20,45,44],"class_list":{"0":"post-949","1":"product","2":"type-product","3":"status-publish","4":"has-post-thumbnail","6":"product_cat-posters","7":"product_cat-todos","8":"product_tag-abstractos","9":"product_tag-minimalista","10":"product_tag-moderno","12":"first","13":"instock","14":"taxable","15":"shipping-taxable","16":"product-type-grouped"},"_links":{"self":[{"href":"https:\/\/recuadrate.com.ar\/index.php?rest_route=\/wp\/v2\/product\/949","targetHints":{"allow":["GET"]}}],"collection":[{"href":"https:\/\/recuadrate.com.ar\/index.php?rest_route=\/wp\/v2\/product"}],"about":[{"href":"https:\/\/recuadrate.com.ar\/index.php?rest_route=\/wp\/v2\/types\/product"}],"wp:featuredmedia":[{"embeddable":true,"href":"https:\/\/recuadrate.com.ar\/index.php?rest_route=\/wp\/v2\/media\/950"}],"wp:attachment":[{"href":"https:\/\/recuadrate.com.ar\/index.php?rest_route=%2Fwp%2Fv2%2Fmedia&parent=949"}],"wp:term":[{"taxonomy":"product_brand","embeddable":true,"href":"https:\/\/recuadrate.com.ar\/index.php?rest_route=%2Fwp%2Fv2%2Fproduct_brand&post=949"},{"taxonomy":"product_cat","embeddable":true,"href":"https:\/\/recuadrate.com.ar\/index.php?rest_route=%2Fwp%2Fv2%2Fproduct_cat&post=949"},{"taxonomy":"product_tag","embeddable":true,"href":"https:\/\/recuadrate.com.ar\/index.php?rest_route=%2Fwp%2Fv2%2Fproduct_tag&post=949"}],"curies":[{"name":"wp","href":"https:\/\/api.w.org\/{rel}","templated":true}]}}